{"id":6292,"date":"2022-11-30T12:04:47","date_gmt":"2022-11-30T12:04:47","guid":{"rendered":"https:\/\/photogallerymilano.it\/?page_id=6292"},"modified":"2022-11-30T14:19:23","modified_gmt":"2022-11-30T14:19:23","slug":"pippa-dodds","status":"publish","type":"page","link":"https:\/\/photogallerymilano.it\/?page_id=6292","title":{"rendered":"Pippa Dodds"},"content":{"rendered":"<p>[vc_row][vc_column][mk_padding_divider size=&#8221;20&#8243; visibility=&#8221;hidden-sm&#8221;][mk_image src=&#8221;https:\/\/photogallerymilano.it\/wp-content\/uploads\/2022\/11\/DAP5685.jpg&#8221;][mk_fancy_title size=&#8221;46&#8243; font_weight=&#8221;600&#8243; font_family=&#8221;none&#8221;]Bio[\/mk_fancy_title][mk_fancy_title size=&#8221;18&#8243; font_weight=&#8221;400&#8243; font_family=&#8221;none&#8221;]Irrompendo in un&#8217;esistenza fisica tra gli alberi e gli uccelli in una remota propriet\u00e0 in Danimarca, sulla costa meridionale dell&#8217;Australia occidentale, Pippa fece presto amicizia con la vita.\u00a0Plasmata e modellata dall&#8217;amore e dalla saggezza di due creativi genitori itineranti, i cui studi sulle filosofie buddiste tibetane sarebbero penetrati nel suo essere e in seguito avrebbero giocato un ruolo importante nell&#8217;aroma della sua mente da adulta.\u00a0Nonostante la qualit\u00e0 terrena della sua educazione, non appena l&#8217;indipendenza \u00e8 stata possibile Pippa \u00e8 balzata al mondo da sola, affamata di esperienza e crescita.\u00a0Dopo aver intrapreso numerose avventure in varie terre straniere, all&#8217;et\u00e0 di 26 anni Pippa \u00e8 ora nelle fasi finali del completamento di una laurea in fotografia commerciale presso RMIT nella terra diversa e meravigliosa di Melbourne, in Australia.\u00a0Durante questo processo si \u00e8 innamorata profondamente dei fenomeni umani della danza e continua a esplorarli fisicamente e fotograficamente attraverso paesi e culture allo stesso modo.\u00a0La sua passione per la creazione di immagini \u00e8 pari alla sua passione per la vita, la crescita e la scoperta e continua ad esplorarne tutte le sfaccettature con avida curiosit\u00e0 e meraviglia.\u00a0Attraverso le sue immagini Pippa cerca non solo di condividere la bellezza che vede nella sua esperienza del mondo, ma le usa anche come mezzo per condividere le esplorazioni che ha intrapreso nella sua esperienza come umana.[\/mk_fancy_title][\/vc_column][vc_column][\/vc_column][\/vc_row][vc_row fullwidth=&#8221;true&#8221; attached=&#8221;true&#8221;][vc_column][\/vc_column][\/vc_row][vc_row][vc_column][mk_portfolio categories=&#8221;pippa-dodds&#8221;][\/vc_column][\/vc_row]<\/p>\n","protected":false},"excerpt":{"rendered":"<p>[vc_row][vc_column][mk_padding_divider size=&#8221;20&#8243; visibility=&#8221;hidden-sm&#8221;][mk_image src=&#8221;https:\/\/photogallerymilano.it\/wp-content\/uploads\/2022\/11\/DAP5685.jpg&#8221;][mk_fancy_title size=&#8221;46&#8243; font_weight=&#8221;600&#8243; font_family=&#8221;none&#8221;]Bio[\/mk_fancy_title][mk_fancy_title size=&#8221;18&#8243; font_weight=&#8221;400&#8243; font_family=&#8221;none&#8221;]Irrompendo in un&#8217;esistenza fisica tra gli alberi e gli uccelli in una remota propriet\u00e0 in Danimarca, sulla costa meridionale dell&#8217;Australia occidentale, Pippa fece presto amicizia con la vita.\u00a0Plasmata e modellata dall&#8217;amore e dalla saggezza di due creativi genitori itineranti, i cui studi sulle filosofie buddiste tibetane [&hellip;]<\/p>\n","protected":false},"author":1,"featured_media":0,"parent":0,"menu_order":0,"comment_status":"closed","ping_status":"closed","template":"","meta":{"footnotes":""},"class_list":["post-6292","page","type-page","status-publish","hentry"],"_links":{"self":[{"href":"https:\/\/photogallerymilano.it\/index.php?rest_route=\/wp\/v2\/pages\/6292","targetHints":{"allow":["GET"]}}],"collection":[{"href":"https:\/\/photogallerymilano.it\/index.php?rest_route=\/wp\/v2\/pages"}],"about":[{"href":"https:\/\/photogallerymilano.it\/index.php?rest_route=\/wp\/v2\/types\/page"}],"author":[{"embeddable":true,"href":"https:\/\/photogallerymilano.it\/index.php?rest_route=\/wp\/v2\/users\/1"}],"replies":[{"embeddable":true,"href":"https:\/\/photogallerymilano.it\/index.php?rest_route=%2Fwp%2Fv2%2Fcomments&post=6292"}],"version-history":[{"count":6,"href":"https:\/\/photogallerymilano.it\/index.php?rest_route=\/wp\/v2\/pages\/6292\/revisions"}],"predecessor-version":[{"id":6346,"href":"https:\/\/photogallerymilano.it\/index.php?rest_route=\/wp\/v2\/pages\/6292\/revisions\/6346"}],"wp:attachment":[{"href":"https:\/\/photogallerymilano.it\/index.php?rest_route=%2Fwp%2Fv2%2Fmedia&parent=6292"}],"curies":[{"name":"wp","href":"https:\/\/api.w.org\/{rel}","templated":true}]}}